{"id":2027,"date":"2024-04-09T14:37:31","date_gmt":"2024-04-09T12:37:31","guid":{"rendered":"https:\/\/wheels4flying.cloud08.webhome.at\/tandem-flights\/"},"modified":"2024-07-11T15:03:11","modified_gmt":"2024-07-11T13:03:11","slug":"tandem-flights","status":"publish","type":"page","link":"https:\/\/www.wheels4flying.com\/en\/tandem-flights\/","title":{"rendered":"Tandem Flights"},"content":{"rendered":"\n<div class=\"wp-block-uagb-container uagb-block-3ad17e27 alignfull uagb-is-root-container\"><div class=\"uagb-container-inner-blocks-wrap\">\n<div class=\"wp-block-uagb-advanced-heading uagb-block-8a1eebc0\"><h1 class=\"uagb-heading-text\">Tandem Flights<\/h1><\/div>\n<\/div><\/div>\n\n<div class=\"wp-block-uagb-container uagb-block-d162e0b3 alignfull uagb-is-root-container\"><div class=\"uagb-container-inner-blocks-wrap\">\n<div class=\"wp-block-uagb-container uagb-block-5e1553cf\">\n<div class=\"wp-block-uagb-advanced-heading uagb-block-e72cdc6b marginbottom\"><p class=\"uagb-heading-text\">Wir bieten eine Vielzahl verschiedener Tandem-Gleitschirmfl\u00fcge mit unserem Flugrollstuhl an. Bitte beachten Sie, dass die m\u00f6gliche Dauer jedes Fluges vom Wind, Wetter und der Thermik des jeweiligen Tages abh\u00e4ngt.<\/p><\/div>\n\n\n\n<div class=\"wp-block-uagb-slider uagb-block-af692cad uagb-slider-container\"><div class=\"uagb-slides uagb-swiper\"><div class=\"swiper-wrapper\">\n<div class=\"wp-block-uagb-slider-child uagb-slider-child-wrap swiper-slide uagb-block-515a4334\"><div class=\"swiper-content\">\n<div class=\"wp-block-uagb-container uagb-block-7cbb0ca7\">\n<div class=\"wp-block-uagb-info-box uagb-block-439d7a11 uagb-infobox__content-wrap  uagb-infobox-icon-above-title uagb-infobox-image-valign-top\"><div class=\"uagb-ifb-content\"><div class=\"uagb-ifb-title-wrap\"><h3 class=\"uagb-ifb-title\"><strong>Regular Tandem Flight<\/strong> | <strong>20 minutes<\/strong> | <strong>130\u20ac + 25\u20ac fotos\/videos<\/strong><\/h3><\/div><p class=\"uagb-ifb-desc\">Take off nice and easy, and enjoy the incredible view of the Zillertal mountains in this 20-minute flying experience<\/p><\/div><\/div>\n<\/div>\n<\/div><\/div>\n\n\n\n<div class=\"wp-block-uagb-slider-child uagb-slider-child-wrap swiper-slide uagb-block-72d94325\"><div class=\"swiper-content\">\n<div class=\"wp-block-uagb-container uagb-block-5ca21c93\">\n<div class=\"wp-block-uagb-info-box uagb-block-cd720623 uagb-infobox__content-wrap  uagb-infobox-icon-above-title uagb-infobox-image-valign-top\"><div class=\"uagb-ifb-content\"><div class=\"uagb-ifb-title-wrap\"><h3 class=\"uagb-ifb-title\"><strong>Panorama Tandem Flight<\/strong> | <strong>30 minutes<\/strong> | <strong>150\u20ac + 25\u20ac fotos\/video<\/strong><\/h3><\/div><p class=\"uagb-ifb-desc\">Breeze over the mountains and thoroughly take in the beautiful scenery in this 30-minute thrill.<\/p><\/div><\/div>\n<\/div>\n<\/div><\/div>\n\n\n\n<div class=\"wp-block-uagb-slider-child uagb-slider-child-wrap swiper-slide uagb-block-f826ad68\"><div class=\"swiper-content\">\n<div class=\"wp-block-uagb-container uagb-block-1ebe69cc\">\n<div class=\"wp-block-uagb-info-box uagb-block-2504f2a4 uagb-infobox__content-wrap  uagb-infobox-icon-above-title uagb-infobox-image-valign-top\"><div class=\"uagb-ifb-content\"><div class=\"uagb-ifb-title-wrap\"><h3 class=\"uagb-ifb-title\"><strong>Thermic Tandem Flight<\/strong> | <strong>40 minutes<\/strong> | <strong>170\u20ac + 25\u20ac fotos\/videos<\/strong><\/h3><\/div><p class=\"uagb-ifb-desc\">Take your time and loop back up in thermal lifts for an extended flying experience<\/p><\/div><\/div>\n<\/div>\n<\/div><\/div>\n\n\n\n<div class=\"wp-block-uagb-slider-child uagb-slider-child-wrap swiper-slide uagb-block-ae77ae62\"><div class=\"swiper-content\">\n<div class=\"wp-block-uagb-container uagb-block-a9549d0a\">\n<div class=\"wp-block-uagb-info-box uagb-block-196f2d4b uagb-infobox__content-wrap  uagb-infobox-icon-above-title uagb-infobox-image-valign-top\"><div class=\"uagb-ifb-content\"><div class=\"uagb-ifb-title-wrap\"><h3 class=\"uagb-ifb-title\"><strong>Distance Tandem Flight<\/strong> | <strong>120 minutes<\/strong> | <strong>300\u20ac + 25\u20ac fotos\/videos<\/strong><\/h3><\/div><p class=\"uagb-ifb-desc\">Every pilot\u2019s dream: Cover some distance and cruise around the alps for an unforgettable adventure soaring-like-a-bird.<\/p><\/div><\/div>\n<\/div>\n<\/div><\/div>\n\n\n\n<div class=\"wp-block-uagb-slider-child uagb-slider-child-wrap swiper-slide uagb-block-079ab767\"><div class=\"swiper-content\">\n<div class=\"wp-block-uagb-container uagb-block-7ad04857\">\n<div class=\"wp-block-uagb-info-box uagb-block-4b93cf44 uagb-infobox__content-wrap  uagb-infobox-icon-above-title uagb-infobox-image-valign-top\"><div class=\"uagb-ifb-content\"><div class=\"uagb-ifb-title-wrap\"><h3 class=\"uagb-ifb-title\"><strong>Cross Country\/Long Distance<\/strong> | <strong>1 day (5-7 hours)<\/strong> | <strong>price upon request<\/strong><\/h3><\/div><p class=\"uagb-ifb-desc\">Still can\u2019t get enough? We can fly you literally the whole day if you like and the weather allows \u2013 please send individual inquiry<\/p><\/div><\/div>\n<\/div>\n<\/div><\/div>\n\n\n\n<div class=\"wp-block-uagb-slider-child uagb-slider-child-wrap swiper-slide uagb-block-7d773dc7\"><div class=\"swiper-content\">\n<div class=\"wp-block-uagb-container uagb-block-dee70231\">\n<div class=\"wp-block-uagb-info-box uagb-block-a870e492 uagb-infobox__content-wrap  uagb-infobox-icon-above-title uagb-infobox-image-valign-top\"><div class=\"uagb-ifb-content\"><div class=\"uagb-ifb-title-wrap\"><h3 class=\"uagb-ifb-title\"><strong>Couple\u2019s Flight | all durations | all price combinations<strong><\/strong><\/strong><\/h3><\/div><p class=\"uagb-ifb-desc\">Want to fly with your partner\/friend\/parent\/child? Choose your tandem flight and we will arrange a matching flight for your companion with one of the regular tandem companies. Choose your tandem flight and we will arrange a matching flight for your companion with one of the regular tandem companies. All packages are possible, please send individual inquiry.<\/p><\/div><\/div>\n<\/div>\n<\/div><\/div>\n\n\n\n<div class=\"wp-block-uagb-slider-child uagb-slider-child-wrap swiper-slide uagb-block-dcedb711\"><div class=\"swiper-content\">\n<div class=\"wp-block-uagb-container uagb-block-45379227\">\n<div class=\"wp-block-uagb-info-box uagb-block-196e688a uagb-infobox__content-wrap  uagb-infobox-icon-above-title uagb-infobox-image-valign-top\"><div class=\"uagb-ifb-content\"><div class=\"uagb-ifb-title-wrap\"><h3 class=\"uagb-ifb-title\"><strong>Gift Vouchers | all durations<\/strong><\/h3><\/div><p class=\"uagb-ifb-desc\">Give the gift of the ultimate freedom and get a wheels4flying gift voucher. All durations as well as value vouchers possible. Let dreams fly!<\/p><\/div><\/div>\n<\/div>\n<\/div><\/div>\n\n\n\n<div class=\"wp-block-uagb-slider-child uagb-slider-child-wrap swiper-slide uagb-block-5ede47a0\"><div class=\"swiper-content\">\n<div class=\"wp-block-uagb-container uagb-block-17cd83e4\">\n<div class=\"wp-block-uagb-info-box uagb-block-fc740b0c uagb-infobox__content-wrap  uagb-infobox-icon-above-title uagb-infobox-image-valign-top\"><div class=\"uagb-ifb-content\"><div class=\"uagb-ifb-title-wrap\"><h3 class=\"uagb-ifb-title\"><strong><strong>Photo &amp; Video Package<\/strong> <\/strong><\/h3><\/div><p class=\"uagb-ifb-desc\">Sit back and enjoy! Your tandem pilot is equipped with a GoPro and will take videos and photos during the flight so that you can relive and share your experience.<\/p><\/div><\/div>\n<\/div>\n<\/div><\/div>\n<\/div><\/div><div class=\"swiper-pagination\"><\/div><div class=\"swiper-button-prev\"><\/div><div class=\"swiper-button-next\"><\/div><\/div>\n<\/div>\n\n\n\n<details class=\"wp-block-details uag-hide-tab uag-hide-mob is-layout-flow wp-container-core-details-is-layout-8a368f38 wp-block-details-is-layout-flow\"><summary>Overview tandem flights<\/summary>\n<figure class=\"wp-block-table is-style-regular\"><table class=\"has-border-color has-ast-global-color-2-border-color\"><thead><tr><th>Type of flight<\/th><th>Duration<\/th><th>Price<\/th><\/tr><\/thead><tbody><tr><td>High-altitude flight<\/td><td>20 minutes<\/td><td>\u20ac 155,00<\/td><\/tr><tr><td>Panoramic flight<\/td><td>30 minutes<\/td><td>\u20ac 175,00<\/td><\/tr><tr><td>Thermal flight<\/td><td>40 minutes<\/td><td>\u20ac 195,00<\/td><\/tr><tr><td>Distance flight<\/td><td>120 minutes<\/td><td>\u20ac 325,00<\/td><\/tr><tr><td>Couple flight<\/td><td>by arrangement<\/td><td>by arrangement<\/td><\/tr><tr><td>Flight sponsorship<\/td><td>20 minutes<\/td><td>\u20ac 155,00<\/td><\/tr><\/tbody><\/table><\/figure>\n<\/details>\n<\/div><\/div>\n\n<div class=\"wp-block-uagb-container uagb-block-46737e53 alignfull uagb-is-root-container\"><div class=\"uagb-container-inner-blocks-wrap\">\n<div class=\"wp-block-uagb-container uagb-block-9253c97f\">\n<div class=\"wp-block-uagb-advanced-heading uagb-block-d87d6e27 marginbottom\"><h3 class=\"uagb-heading-text\">Travelling with company?<\/h3><\/div>\n\n\n\n<p class=\"has-text-align-center has-ast-global-color-7-color has-text-color has-link-color wp-elements-93a36c38b008d6371d0c1913647cabac\">You can experience your tandem flight together &#8211; we will be happy to organise a tandem flight for your companion at the Zillertal Flying School.<\/p>\n\n\n\n<div class=\"wp-block-columns is-layout-flex wp-container-core-columns-is-layout-28f84493 wp-block-columns-is-layout-flex\">\n<div class=\"wp-block-column is-layout-flow wp-block-column-is-layout-flow\"><\/div>\n\n\n\n<div class=\"wp-block-column is-vertically-aligned-center is-layout-flow wp-block-column-is-layout-flow\">\n<figure class=\"wp-block-image aligncenter size-full\"><img loading=\"lazy\" decoding=\"async\" width=\"282\" height=\"200\" src=\"https:\/\/www.wheels4flying.com\/wp-content\/uploads\/2024\/05\/logo_flugschule_frei.png\" alt=\"\" class=\"wp-image-2825\"\/><\/figure>\n<\/div>\n\n\n\n<div class=\"wp-block-column is-layout-flow wp-block-column-is-layout-flow\"><\/div>\n<\/div>\n<\/div>\n<\/div><\/div>\n\n<div class=\"wp-block-uagb-container uagb-block-b4e5bdc7 alignfull uagb-is-root-container\"><div class=\"uagb-container-inner-blocks-wrap\">\n<div class=\"wp-block-uagb-advanced-heading uagb-block-7b1adbed\"><h2 class=\"uagb-heading-text\">Charity Flights<\/h2><\/div>\n\n\n\n<div class=\"wp-block-columns are-vertically-aligned-center is-layout-flex wp-container-core-columns-is-layout-28f84493 wp-block-columns-is-layout-flex\">\n<div class=\"wp-block-column is-vertically-aligned-center is-layout-flow wp-block-column-is-layout-flow\">\n<div class=\"wp-block-uagb-advanced-heading uagb-block-78197e3e\"><h3 class=\"uagb-heading-text\">CHARITY FLIGHTS<\/h3><\/div>\n\n\n\n<p class=\"has-text-align-center marginbottom has-ast-global-color-7-color has-text-color has-link-color wp-elements-7cb61e00e6bf4738b281b333eb1ef4d6\">We offer <strong>free tandem flights<\/strong> to passengers with economical difficulties, who are not able to afford a flight on their own. If you would like to apply to this program please send us a message! If we have too many applicants, there will be a waiting list.<\/p>\n\n\n\n<p class=\"has-text-align-center has-ast-global-color-7-color has-text-color has-link-color wp-elements-9edf61589fe26f32604172791848ab95\">If you would like to <a href=\"http:\/\/www.wheels4flying.com\/de\/spenden\/\"><strong>donate a flight<\/strong><\/a> to a disabled person, we will gratefully give your flight to the next person on the waiting list.<\/p>\n<\/div>\n\n\n\n<div class=\"wp-block-column is-vertically-aligned-center is-layout-flow wp-block-column-is-layout-flow\">\n<div class=\"wp-block-uagb-advanced-heading uagb-block-87e150c6\"><h3 class=\"uagb-heading-text\">NON-PROFIT<\/h3><\/div>\n\n\n\n<p class=\"has-text-align-center marginbottom has-white-color has-text-color has-link-color wp-elements-d73e32e67b1a8f228b8dee8bd8efd5a0\">Trust us that we do not gain any profits from this operation. The calculated prices cover the cost for a professional tandem pilot, certified equipment, insurance, logistics and administration.<\/p>\n\n\n\n<p class=\"has-text-align-center marginbottom has-white-color has-text-color has-link-color wp-elements-84d5c897c0fa0507fdb85d461a28735c\">Help us make dreams fly!<\/p>\n\n\n\n<div class=\"wp-block-uagb-buttons uagb-buttons__outer-wrap uagb-btn__default-btn uagb-btn-tablet__default-btn uagb-btn-mobile__default-btn uagb-block-660e1e1c\"><div class=\"uagb-buttons__wrap uagb-buttons-layout-wrap \">\n<div class=\"wp-block-uagb-buttons-child uagb-buttons__outer-wrap uagb-block-74b36ba2 wp-block-button\"><div class=\"uagb-button__wrapper\"><a class=\"uagb-buttons-repeater wp-block-button__link\" aria-label=\"\" href=\"https:\/\/www.wheels4flying.com\/en\/donate-a-flight\/\" rel=\"follow noopener\" target=\"_self\"><div class=\"uagb-button__link\">Donate a flight<\/div><\/a><\/div><\/div>\n<\/div><\/div>\n<\/div>\n<\/div>\n<\/div><\/div>\n","protected":false},"excerpt":{"rendered":"<p>Tandem Flights Wir bieten eine Vielzahl verschiedener Tandem-Gleitschirmfl\u00fcge mit unserem Flugrollstuhl an. Bitte beachten Sie, dass die m\u00f6gliche Dauer jedes Fluges vom Wind, Wetter und der Thermik des jeweiligen Tages abh\u00e4ngt. Travelling with company? You can experience your tandem flight together &#8211; we will be happy to organise a tandem flight for your companion at [&hellip;]<\/p>\n","protected":false},"author":1,"featured_media":0,"parent":0,"menu_order":0,"comment_status":"closed","ping_status":"closed","template":"","meta":{"_uag_custom_page_level_css":"","site-sidebar-layout":"default","site-content-layout":"","ast-site-content-layout":"default","site-content-style":"default","site-sidebar-style":"default","ast-global-header-display":"","ast-banner-title-visibility":"","ast-main-header-display":"","ast-hfb-above-header-display":"","ast-hfb-below-header-display":"","ast-hfb-mobile-header-display":"","site-post-title":"disabled","ast-breadcrumbs-content":"","ast-featured-img":"","footer-sml-layout":"","theme-transparent-header-meta":"","adv-header-id-meta":"","stick-header-meta":"","header-above-stick-meta":"","header-main-stick-meta":"","header-below-stick-meta":"","astra-migrate-meta-layouts":"default","ast-page-background-enabled":"default","ast-page-background-meta":{"desktop":{"background-color":"var(--ast-global-color-4)","background-image":"","background-repeat":"repeat","background-position":"center center","background-size":"auto","background-attachment":"scroll","background-type":"","background-media":"","overlay-type":"","overlay-color":"","overlay-gradient":""},"tablet":{"background-color":"","background-image":"","background-repeat":"repeat","background-position":"center center","background-size":"auto","background-attachment":"scroll","background-type":"","background-media":"","overlay-type":"","overlay-color":"","overlay-gradient":""},"mobile":{"background-color":"","background-image":"","background-repeat":"repeat","background-position":"center center","background-size":"auto","background-attachment":"scroll","background-type":"","background-media":"","overlay-type":"","overlay-color":"","overlay-gradient":""}},"ast-content-background-meta":{"desktop":{"background-color":"var(--ast-global-color-5)","background-image":"","background-repeat":"repeat","background-position":"center center","background-size":"auto","background-attachment":"scroll","background-type":"","background-media":"","overlay-type":"","overlay-color":"","overlay-gradient":""},"tablet":{"background-color":"var(--ast-global-color-5)","background-image":"","background-repeat":"repeat","background-position":"center center","background-size":"auto","background-attachment":"scroll","background-type":"","background-media":"","overlay-type":"","overlay-color":"","overlay-gradient":""},"mobile":{"background-color":"var(--ast-global-color-5)","background-image":"","background-repeat":"repeat","background-position":"center center","background-size":"auto","background-attachment":"scroll","background-type":"","background-media":"","overlay-type":"","overlay-color":"","overlay-gradient":""}},"footnotes":""},"class_list":["post-2027","page","type-page","status-publish","hentry"],"uagb_featured_image_src":{"full":false,"thumbnail":false,"medium":false,"medium_large":false,"large":false,"1536x1536":false,"2048x2048":false},"uagb_author_info":{"display_name":"wordpress_webcrossing","author_link":"https:\/\/www.wheels4flying.com\/en\/author\/wordpress_webcrossing\/"},"uagb_comment_info":0,"uagb_excerpt":"Tandem Flights Wir bieten eine Vielzahl verschiedener Tandem-Gleitschirmfl\u00fcge mit unserem Flugrollstuhl an. Bitte beachten Sie, dass die m\u00f6gliche Dauer jedes Fluges vom Wind, Wetter und der Thermik des jeweiligen Tages abh\u00e4ngt. Travelling with company? You can experience your tandem flight together &#8211; we will be happy to organise a tandem flight for your companion at&hellip;","_links":{"self":[{"href":"https:\/\/www.wheels4flying.com\/en\/wp-json\/wp\/v2\/pages\/2027","targetHints":{"allow":["GET"]}}],"collection":[{"href":"https:\/\/www.wheels4flying.com\/en\/wp-json\/wp\/v2\/pages"}],"about":[{"href":"https:\/\/www.wheels4flying.com\/en\/wp-json\/wp\/v2\/types\/page"}],"author":[{"embeddable":true,"href":"https:\/\/www.wheels4flying.com\/en\/wp-json\/wp\/v2\/users\/1"}],"replies":[{"embeddable":true,"href":"https:\/\/www.wheels4flying.com\/en\/wp-json\/wp\/v2\/comments?post=2027"}],"version-history":[{"count":26,"href":"https:\/\/www.wheels4flying.com\/en\/wp-json\/wp\/v2\/pages\/2027\/revisions"}],"predecessor-version":[{"id":3142,"href":"https:\/\/www.wheels4flying.com\/en\/wp-json\/wp\/v2\/pages\/2027\/revisions\/3142"}],"wp:attachment":[{"href":"https:\/\/www.wheels4flying.com\/en\/wp-json\/wp\/v2\/media?parent=2027"}],"curies":[{"name":"wp","href":"https:\/\/api.w.org\/{rel}","templated":true}]}}